{"id":24783,"date":"2025-05-05T13:04:57","date_gmt":"2025-05-05T11:04:57","guid":{"rendered":"https:\/\/friendstudio.pl\/?page_id=24783"},"modified":"2025-05-07T10:46:53","modified_gmt":"2025-05-07T08:46:53","slug":"porady","status":"publish","type":"page","link":"https:\/\/friendstudio.pl\/index.php\/porady\/","title":{"rendered":"PORADY"},"content":{"rendered":"<p><span style=\"font-family: Times New Roman, serif;\"><span style=\"font-size: large;\">Hej,<\/span><\/span><\/p>\n<p><span style=\"font-family: Times New Roman, serif;\"><span style=\"font-size: large;\">Chcia\u0142bym si\u0119 podzieli\u0107 z Wami kilkoma przemy\u015bleniami i zwr\u00f3cenia uwagi na rzeczy-sytuacje, kt\u00f3re w dniu \u015blubu s\u0105 wa\u017cne, a na kt\u00f3re zwykle nie zwraca si\u0119 uwagi.<\/span><\/span><\/p>\n<p><span style=\"font-family: Times New Roman, serif;\"><span style=\"font-size: large;\">Kt\u00f3rych nie podpowie wedding plenerka \ud83d\ude09<\/span><\/span><\/p>\n<p><span style=\"font-family: Times New Roman, serif;\"><span style=\"font-size: large;\">Jak wracam z wesel do domu, w czasie gdy jad\u0119 autem to podsumowuj\u0119 miniony dzie\u0144.<\/span><\/span><\/p>\n<p><span style=\"font-family: Times New Roman, serif;\"><span style=\"font-size: large;\">Najpierw od strony technicznej:<\/span><\/span><\/p>\n<p><span style=\"font-family: Times New Roman, serif;\"><span style=\"font-size: large;\">Czy dobrze dobra\u0142em obiektyw?<\/span><\/span><\/p>\n<p><span style=\"font-family: Times New Roman, serif;\"><span style=\"font-size: large;\">Czy potrzebuj\u0119 dokupi\u0107 baterii?<\/span><\/span><\/p>\n<p><span style=\"font-family: Times New Roman, serif;\"><span style=\"font-size: large;\">Czy ten oblot dronem by\u0142 dobry i potrzebny?<\/span><\/span><\/p>\n<p><span style=\"font-family: Times New Roman, serif;\"><span style=\"font-size: large;\">I o rzeczach, kt\u00f3re chcia\u0142bym podpowiedzie\u0107 nowo\u017ce\u0144com, ale by\u0142o przecie\u017c ju\u017c za p\u00f3\u017ano.<\/span><\/span><\/p>\n<p><span style=\"font-family: Times New Roman, serif;\"><span style=\"font-size: large;\">Po co ten kierowca tak zapierdziela\u0142 na sal\u0119 i robi\u0142 z tego wy\u015bcig?<\/span><\/span><\/p>\n<p><span style=\"font-family: Times New Roman, serif;\"><span style=\"font-size: large;\">Szkoda, \u017ce podczas przysi\u0119gi nie byli zwr\u00f3ceni w pe\u0142ni \u2013 ca\u0142ym cia\u0142em do siebie. Tylko, \u017ce i tak im tego nie powiem, bo po co? Drugiego razu nie b\u0119dzie.<\/span><\/span><\/p>\n<p><span style=\"font-family: Times New Roman, serif;\"><span style=\"font-size: large;\">Ale Was to czeka. Te kilka wskaz\u00f3wek pozwoli Wam zminimalizowa\u0107 stres. Zwykle pochodzi st\u0105d, \u017ce nie wiemy co nas czeka, nie wiemy jak si\u0119 zachowa\u0107 i nie wiemy jak kto\u015b si\u0119 zachowa. Jak \u201eto\u201d b\u0119dzie wygl\u0105da\u0107?<\/span><\/span><\/p>\n<p><span style=\"font-family: Times New Roman, serif;\"><span style=\"font-size: large;\">Dla mnie najwa\u017cniejsze, to \u017cycz\u0119 Wam aby\u015bcie w dzie\u0144 Waszego \u015blubu cieszyli si\u0119. Cieszyli si\u0119 dniem, cieszyli sob\u0105 nawzajem, u\u015bmiechali si\u0119 do innych, cieszyli z obecno\u015bci bliskich. Wtedy b\u0119dziecie mi\u0142o to wspomina\u0107, inni zara\u017c\u0105 si\u0119 od Was tym nastawieniem, zdj\u0119cia i filmy wyjd\u0105 extra.<\/span><\/span><\/p>\n<p><span style=\"font-family: Times New Roman, serif;\"><span style=\"font-size: large;\">Gdy przychodzimy do was do domu (kamerzysta i fotograf) \u2013 to te\u017c jeste\u015bmy lekko zestresowani \ud83d\ude09<\/span><\/span><\/p>\n<p><span style=\"font-family: Times New Roman, serif;\"><span style=\"font-size: large;\">potraktujmy nagrania w domu jako zabawa. Chcia\u0142bym wtedy ukaza\u0107, atmosfer\u0119 jaka panuje, subtelne gesty i mimik\u0119 twarzy, zachwyty. Czujcie si\u0119 przed obiektywem jak przed wyszczuplaj\u0105cym lustrem \ud83d\ude09 <\/span><\/span><\/p>\n<p><span style=\"font-family: Times New Roman, serif;\"><span style=\"font-size: large;\">Jeste\u015bmy tam dla Was, nie oceniamy, lecz wspieramy i jeste\u015bmy po Waszej stronie.<\/span><\/span><\/p>\n<p><span style=\"font-family: Times New Roman, serif;\"><span style=\"font-size: large;\">Jestem \u015bwiadomy, \u017ce nasze s\u0142owa maj\u0105 na Was wp\u0142yw, i jednym zdaniem mo\u017cemy Wam popsu\u0107 dzie\u0144 albo go ubarwi\u0107 i podkr\u0119ci\u0107 emocje. Wybieramy to drugie.<\/span><\/span><\/p>\n<p><span style=\"font-family: Times New Roman, serif;\"><span style=\"font-size: large;\">Pierwsza sytuacja na kt\u00f3r\u0105 bym zwr\u00f3ci\u0142 uwag\u0119 to w\u0142a\u015bnie przejazdy samochodem\/limuzyn\u0105\/bryczk\u0105\/dyli\u017cansem. Warto by to si\u0119 odbywa\u0142o spokojnie, by go\u015bcie nad\u0105\u017cyli, by nada\u0107 dostojno\u015bci tej chwili.<\/span><\/span><\/p>\n<p><strong><span style=\"font-family: Times New Roman, serif;\"><span style=\"font-size: large;\">Wysiadanie\/wsiadanie do samochodu.<\/span><\/span><\/strong><\/p>\n<p><span style=\"font-family: Times New Roman, serif;\"><span style=\"font-size: large;\">Szczeg\u00f3lnie wyj\u015bcie z auta pod Ko\u015bcio\u0142em\/urz\u0119dem. To jest moment gdy go\u015bcie mog\u0105 ju\u017c czeka\u0107, gdy widz\u0105, \u017ce nadje\u017cdzacie wyci\u0105gaj\u0105 telefony i chc\u0105 zobaczy\u0107 jak wygl\u0105da Pani M\u0142oda.<\/span><\/span><\/p>\n<p><span style=\"font-family: Times New Roman, serif;\"><span style=\"font-size: large;\">Fajnie by by\u0142o wyj\u015b\u0107 i m\u00f3c mie\u0107 kontakt wzrokowy z go\u015b\u0107mi, mie\u0107 szczery u\u015bmiech na twarzy, przywita\u0107 si\u0119. I wsp\u00f3lnie odej\u015b\u0107 od auta.<\/span><\/span><\/p>\n<p><span style=\"font-family: Times New Roman, serif;\"><span style=\"font-size: large;\">Co mo\u017ce w tym przeszkodzi\u0107? Zbyt du\u017ca suknia co do miejsca w poje\u017adzie. Wtedy po otwarciu drzwi, wida\u0107 suknie, nast\u0119pnie si\u0119 ona wysypuje, nast\u0119pnie kto\u015b wyci\u0105ga na si\u0142\u0119 Pani\u0105 m\u0142od\u0105, nast\u0119pnie jest poprawianie sukni. Podbiegj\u0105 ciocie, \u017ceby jeszcze co\u015b poprawi\u0107. My\u015bl\u0119, \u017ce to mo\u017ce by\u0107 bardzo niekomfortowe.<\/span><\/span><\/p>\n<p><span style=\"font-family: Times New Roman, serif;\"><span style=\"font-size: large;\">A kto otworzy drzwi? Czy b\u0119dziesz mia\u0142a bukiet w r\u0119ku? A mo\u017ce kto\u015b go p\u00f3\u017aniej poda? \u2013 z mojego punktu widzenia nie ma to znaczenia.<\/span><\/span><\/p>\n<p><span style=\"font-family: Times New Roman, serif;\"><span style=\"font-size: large;\">Sytuacja relatywnie zwyk\u0142a, ale my\u015bl\u0119 \u017ce warto si\u0119 na ni\u0105 przygotowa\u0107, przetrenowa\u0107, ustali\u0107.<\/span><\/span><\/p>\n<p><span style=\"font-family: Times New Roman, serif;\"><span style=\"font-size: large;\">Czy \u015blub planujecie w Ko\u015bciele czy w urz\u0119dzie b\u0105d\u017a w plenerze, to zwykle go\u015bcie zwlekaj\u0105 z zajmowaniem miejsc. S\u0105 zaabsorbowani rozmowami.<\/span><\/span><\/p>\n<p><span style=\"font-family: Times New Roman, serif;\"><span style=\"font-size: large;\">My\u015bl\u0119, \u017ce przyda\u0142aby si\u0119 wtedy osoba, kt\u00f3ra poprosi go\u015bci o zajmowanie miejsc, i poproszenie by siadali jak najbli\u017cej Pary M\u0142odej ( bo wtedy b\u0119dzie m\u0142odym du\u017co milej). Szczeg\u00f3lnie jest to widoczne w du\u017cych Ko\u015bcio\u0142ach.<\/span><\/span><\/p>\n<p><span style=\"font-family: Times New Roman, serif;\"><span style=\"font-size: large;\">Warto ustali\u0107 du\u017co wcze\u015bniej,\u017ce tym mo\u017ce si\u0119 zaj\u0105\u0107 np. \u015bwiadek lub tata\/mama. <\/span><\/span><\/p>\n<p><span style=\"font-family: Times New Roman, serif;\"><span style=\"font-size: large;\">Cz\u0119sto ja o to prosi\u0142em, lecz uwa\u017cam, \u017ce lepiej b\u0119dzie jak poprosi kto\u015b inny \ud83d\ude09<\/span><\/span><\/p>\n<p><strong><span style=\"font-family: Times New Roman, serif;\"><span style=\"font-size: large;\">Podej\u015bcie do o\u0142tarza:<\/span><\/span><\/strong><\/p>\n<p><span style=\"font-family: Times New Roman, serif;\"><span style=\"font-size: large;\">Jest kilka mo\u017cliwo\u015bci, mo\u017ce podejdziecie razem do o\u0142tarza, mo\u017ce wyjdzie po Was ksi\u0105dz, mo\u017ce pan m\u0142ody b\u0119dzie czeka\u0107 przy o\u0142tarzu a Narzeczon\u0105 przyprowadzi tata?<\/span><\/span><\/p>\n<p><span style=\"font-family: Times New Roman, serif;\"><span style=\"font-size: large;\">To jest wasz indywidualny wyb\u00f3r, b\u0105d\u017a te\u017c ksi\u0105dz mo\u017ce narzuci\u0107 kt\u00f3ry\u015b styl ze wzgl\u0119du na tradycj\u0119.<\/span><\/span><\/p>\n<p><span style=\"font-family: Times New Roman, serif;\"><span style=\"font-size: large;\">Mimo wszystko warto si\u0119 przygotowa\u0107 na t\u0119 okoliczno\u015b\u0107.<\/span><\/span><\/p>\n<p><span style=\"font-family: Times New Roman, serif;\"><span style=\"font-size: large;\">Najtrudniejsza pod wzgl\u0119dem emocji sytuacja \u2013 moim zdaniem:<\/span><\/span><\/p>\n<p><span style=\"font-family: Times New Roman, serif;\"><span style=\"font-size: large;\">Gdy tata odprowadza c\u00f3rk\u0119 do o\u0142tarza przy kt\u00f3rym jest narzeczony.<\/span><\/span><\/p>\n<p><span style=\"font-family: Times New Roman, serif;\"><span style=\"font-size: large;\">Id\u017acie prosz\u0119 powoli&#8230; im wolniej tym lepiej. Pie\u015b\u0144 organisty czy scholi i tak musi wybrzmie\u0107 do ko\u0144ca, to jest te\u017c moment gdy wszyscy go\u015bcie patrz\u0105 na Pani\u0105 M\u0142od\u0105&#8230; i niech to trwa, im wolniej, im d\u0142u\u017cej.. tym uwa\u017cam lepiej.<\/span><\/span><\/p>\n<p><span style=\"font-family: Times New Roman, serif;\"><span style=\"font-size: large;\">No i zbli\u017ca si\u0119 ca\u0142a tr\u00f3jka do siebie i co dalej?<\/span><\/span><\/p>\n<p><span style=\"font-family: Times New Roman, serif;\"><span style=\"font-size: large;\">Czy tata najpierw si\u0119 przywita z Panem m\u0142odym, czy jednak po\u017cegna c\u00f3rk\u0119, a jak po\u017cegna to jak? Buziakiem w policzek? Dwoma buziakami w policzek, a mo\u017ce buziakiem w d\u0142o\u0144. Mo\u017ce jeszcze tata pozwoli sobie na kilka s\u0142\u00f3w do nowo\u017ce\u0144c\u00f3w?<\/span><\/span><\/p>\n<p><span style=\"font-family: Times New Roman, serif;\"><span style=\"font-size: large;\">Tu nie ma regu\u0142y \u2013 Ale zdecydowanie jestem pewien, \u017ce warto aby\u015bcie to om\u00f3wili, ustalili i nawet przetrenowali.<\/span><\/span><\/p>\n<p><span style=\"font-family: Times New Roman, serif;\"><span style=\"font-size: large;\">Je\u015bli planujecie by w tym momencie dzieci nios\u0142y obr\u0105czki, r\u00f3wnie\u017c jestem za tym \u017ceby to ustali\u0107, \u017ceby dziecko wiedzia\u0142o jak si\u0119 ma zachowa\u0107 i co je czeka. Warto by to by\u0142y w miar\u0119 \u015bwiadome dzieci.<\/span><\/span><\/p>\n<p><span style=\"font-family: Times New Roman, serif;\"><span style=\"font-size: large;\">W czasie mszy\/ceremonii nie szcz\u0119d\u017acie sobie dotyku, spojrzenia, u\u015bmiechu. Wszyscy tu zgromadzili si\u0119 dla Was i Wam kibicuj\u0105 we wsp\u00f3lnej mi\u0142o\u015bci.<\/span><\/span><\/p>\n<p><strong><span style=\"font-family: Times New Roman, serif;\"><span style=\"font-size: large;\">Przysi\u0119ga:<\/span><\/span><\/strong><\/p>\n<p><span style=\"font-family: Times New Roman, serif;\"><span style=\"font-size: large;\">W ko\u015bciele: Po kazaniu, ksi\u0105dz poprosi Was o powstanie i b\u0119dzie zadawa\u0142 pytania. Wtedy b\u0105d\u017acie zwr\u00f3ceni do niego, nast\u0119pnie schola\/organista wykona \u015bpiew do Ducha \u015awi\u0119tego, i po \u015bpiewie mi\u0119dzy innymi poprosi by\u015bcie zwr\u00f3cili si\u0119 ku sobie. I faktycznie, zr\u00f3bcie to prosz\u0119 ca\u0142ym cia\u0142em. Przysi\u0119g\u0119 powtarzajcie powoli, nie \u015bcigajcie si\u0119 wtedy z ksi\u0119dzem, spojrzenie w oczy te\u017c si\u0119 przyda. To wznios\u0142a chwila, niech ona wybrzmi, nikt si\u0119 nie \u015bpieszy. <\/span><\/span><\/p>\n<p><span style=\"font-family: Times New Roman, serif;\"><span style=\"font-size: large;\">Nast\u0119pnie ksi\u0105dz po\u015bwi\u0119ci obr\u0105czki i je sobie na\u0142o\u017cycie. Po si\u0119gni\u0119ciu po obr\u0105czk\u0119, najpierw przy\u0142\u00f3\u017c prosz\u0119 je na pocz\u0105tku paluszka, nast\u0119pnie powt\u00f3rz s\u0142owa po ksi\u0119dzu i jak sko\u0144czysz powtarza\u0107 to wtedy za\u0142\u00f3\u017c do ko\u0144ca obr\u0105czk\u0119. Chodzi o to, \u017ceby nie robi\u0107 dw\u00f3ch rzeczy naraz, niech ten moment te\u017c wybrzmi.<\/span><\/span><\/p>\n<p><span style=\"font-family: Times New Roman, serif;\"><span style=\"font-size: large;\">Czasami jeszcze m\u0142odzi ca\u0142uj\u0105 obr\u0105czk\u0119 przed jej na\u0142o\u017ceniem i po na\u0142o\u017ceniu, jest to indywidualna sprawa.<\/span><\/span><\/p>\n<p><span style=\"font-family: Times New Roman, serif;\"><span style=\"font-size: large;\">W urz\u0119dzie wygl\u0105da to zwykle inaczej, Urz\u0119dnik mo\u017ce Wam pom\u00f3c upi\u0119kszy\u0107 t\u0119 chwil\u0119, ale nie musi. Warto by\u015bcie s\u0142owa przysi\u0119gi m\u00f3wili zwr\u00f3ceni ku sobie, spogl\u0105dali sobie w oczy, im wolniej tym lepiej&#8230; \ud83d\ude09 Niech wybrzmi<\/span><\/span><\/p>\n<p><span style=\"font-family: Times New Roman, serif;\"><span style=\"font-size: large;\">Przy na\u0142o\u017ceniu obr\u0105czek nie ma ustalonej tre\u015bci do powiedzenia, cho\u0107 coraz cz\u0119\u015bciej si\u0119 spotykam, \u017ce prowadz\u0105cy prosi\/sugeruje by powiedzie\u0107 co\u015b od siebie dla drugiej osoby. Warto by\u0107 przygotowanym \ud83d\ude09<\/span><\/span><\/p>\n<p><strong><span style=\"color: #222222;\"><span style=\"font-family: Times New Roman, serif;\"><span style=\"font-size: large;\">Pierwszy taniec<\/span><\/span><\/span><\/strong><\/p>\n<p><span style=\"color: #222222;\"><span style=\"font-family: Times New Roman, serif;\"><span style=\"font-size: large;\">Zawsze podkre\u015blam: pierwszy taniec to nie konkurs taneczny, tylko Wasz moment. Mo\u017cecie zrobi\u0107 pokaz choreograficzny, ale mo\u017cecie te\u017c po prostu si\u0119 przytuli\u0107, buja\u0107 do ukochanej melodii i cieszy\u0107 si\u0119 t\u0105 chwil\u0105. Ludzie i tak b\u0119d\u0105 bi\u0107 brawo, bo Was kochaj\u0105. I znowu \u2013 im wi\u0119cej luzu i \u015bmiechu w oczach, tym pi\u0119kniej to wygl\u0105da.<\/span><\/span><\/span><\/p>\n<p><span style=\"color: #222222;\"><span style=\"font-family: Times New Roman, serif;\"><span style=\"font-size: large;\">Wasze chwile we dwoje<\/span><\/span><\/span><\/p>\n<p><span style=\"color: #222222;\"><span style=\"font-family: Times New Roman, serif;\"><span style=\"font-size: large;\">W ferworze wesela \u0142atwo zapomnie\u0107&#8230; o sobie nawzajem. Dlatego polecam znale\u017a\u0107 cho\u0107by 10 minut tylko dla Was, czy nawet wychodz\u0105c na chwil\u0119 na zewn\u0105trz. Bez kamer, bez go\u015bci, bez ciotek. Po prostu z\u0142apcie si\u0119 za r\u0119ce, popatrzcie sobie w oczy i powiedzcie sobie kilka mi\u0142ych s\u0142\u00f3w.<\/span><\/span><\/span><\/p>\n<p><span style=\"color: #222222;\"><span style=\"font-family: Times New Roman, serif;\"><span style=\"font-size: large;\">To moment, kt\u00f3ry zapami\u0119tacie bardziej ni\u017c setki selfie i tysi\u0105ce krok\u00f3w na parkiecie.<\/span><\/span><\/span><\/p>\n<p>&nbsp;<\/p>\n<p><strong><span style=\"font-family: Times New Roman, serif;\"><span style=\"font-size: large;\">Oczepiny:<\/span><\/span><\/strong><\/p>\n<p><span style=\"font-family: Times New Roman, serif;\"><span style=\"font-size: large;\">W tradycji jest, \u017ce oczepiny rozpoczynaj\u0105 si\u0119 o p\u00f3\u0142nocy.<\/span><\/span><\/p>\n<p><span style=\"font-family: Times New Roman, serif;\"><span style=\"font-size: large;\">Od kilku lat uwa\u017cam, \u017ce nie musi tak by\u0107. Jest wiele argument\u00f3w by odby\u0142y si\u0119 wcze\u015bniej.<\/span><\/span><\/p>\n<p><span style=\"font-family: Times New Roman, serif;\"><span style=\"font-size: large;\">Je\u015bli oczywi\u015bcie \u015blub i wesele nie rozpoczynaj\u0105 si\u0119 zbyt p\u00f3\u017ano<\/span><\/span><\/p>\n<pre><span style=\"color: #000000;\"><span style=\"font-family: Times New Roman, serif;\"><span style=\"font-size: large;\">-Go\u015bcie s\u0105 jeszcze pe\u0142ni energii<\/span><\/span><\/span><\/pre>\n<p><span style=\"font-family: Times New Roman, serif;\"><span style=\"font-size: large;\">Wcze\u015bniejsze oczepiny, np. ok. 22\u201323, odbywaj\u0105 si\u0119 wtedy, gdy wi\u0119kszo\u015b\u0107 go\u015bci nadal ma si\u0142y i ch\u0119\u0107 do zabawy. P\u00f3\u017aniejsze godziny cz\u0119sto oznaczaj\u0105 ju\u017c zm\u0119czenie, szczeg\u00f3lnie dla starszych os\u00f3b i dzieci. Nawet przy najlepszej imprezie jest moment gdzie go\u015bciom zaczynaj\u0105 si\u0119 wyczerpywa\u0107 baterie.<\/span><\/span><\/p>\n<p><span style=\"font-family: Times New Roman, serif;\"><span style=\"font-size: large;\">&#8211; Lepsza atmosfera na zdj\u0119ciach i filmie<\/span><\/span><\/p>\n<p><span style=\"font-family: Times New Roman, serif;\"><span style=\"font-size: large;\">O 24 Cz\u0119\u015b\u0107 go\u015bci siedzi zm\u0119czona. Wcze\u015bniejsze oczepiny to wi\u0119cej dynamiki, szczere emocje i \u017cywa publiczno\u015b\u0107 \u2013 idealne warunki do uchwycenia pi\u0119knych moment\u00f3w.<\/span><\/span><\/p>\n<p><span style=\"font-family: Times New Roman, serif;\"><span style=\"font-size: large;\">&#8211; Wi\u0119cej czasu na zabaw\u0119 po oczepinach<\/span><\/span><\/p>\n<p><span style=\"font-family: Times New Roman, serif;\"><span style=\"font-size: large;\">Zamiast ko\u0144czy\u0107 na przy\u015bpieszonym konkursie o p\u00f3\u0142nocy, wcze\u015bniejsze oczepiny pozwalaj\u0105 kontynuowa\u0107 wesele w lu\u017aniejszym klimacie, bez poczucia &#8222;zaraz koniec&#8221;.<\/span><\/span><\/p>\n<p><span style=\"font-family: Times New Roman, serif;\"><span style=\"font-size: large;\">&#8211; Mniejsze ryzyko niechcianych \u017cart\u00f3w<\/span><\/span><\/p>\n<p><span style=\"font-family: Times New Roman, serif;\"><span style=\"font-size: large;\">Im p\u00f3\u017aniejsza godzina, tym wi\u0119ksze zm\u0119czenie\u2026 i cz\u0119sto bardziej &#8222;odwa\u017cne&#8221; pomys\u0142y go\u015bci. Wcze\u015bniejsze oczepiny to wi\u0119ksza kontrola nad przebiegiem atrakcji.<\/span><\/span><\/p>\n<p><span style=\"font-family: Times New Roman, serif;\"><span style=\"font-size: large;\">-Kr\u00f3tszy czas pracy Fotografa i kamerzysty \ud83d\ude09<\/span><\/span><\/p>\n<p><span style=\"font-family: Times New Roman, serif;\"><span style=\"font-size: large;\">Tu jest pole do negocjacji&#8230;<\/span><\/span><\/p>\n<p>&nbsp;<\/p>\n<p><strong><span style=\"font-family: Times New Roman, serif;\"><span style=\"font-size: large;\">Na koniec&#8230;<\/span><\/span><\/strong><\/p>\n<p><span style=\"font-family: Times New Roman, serif;\"><span style=\"font-size: large;\">Chcia\u0142bym Wam \u017cyczy\u0107, \u017ceby\u015bcie w tym dniu \u2014 i przez ca\u0142e wsp\u00f3lne \u017cycie \u2014 nie tylko patrzyli na siebie, ale widzieli si\u0119 naprawd\u0119. Z ca\u0142ym tym pi\u0119knem, stresem, \u015bmiechem, potkni\u0119ciami i \u0142zami wzruszenia.<\/span><\/span><\/p>\n<p><span style=\"font-family: Times New Roman, serif;\"><span style=\"font-size: large;\">Niech ten dzie\u0144 b\u0119dzie nie idealny, ale Wasz \u2014 pe\u0142en moment\u00f3w, do kt\u00f3rych b\u0119dziecie wraca\u0107 z czu\u0142o\u015bci\u0105 i u\u015bmiechem.<\/span><\/span><\/p>\n<p><span style=\"font-family: Times New Roman, serif;\"><span style=\"font-size: large;\">I pami\u0119tajcie: ani fotograf, ani kamerzysta, ani dekoracje, ani DJ \u2014 nikt nie zrobi klimatu, je\u015bli nie zrobicie go Wy. Ale je\u015bli b\u0119dziecie autentyczni, otwarci i u\u015bmiechni\u0119ci \u2014 to nawet z potkni\u0119\u0107 wyjdzie magia.<\/span><\/span><\/p>\n<p><span style=\"font-family: Times New Roman, serif;\"><span style=\"font-size: large;\">Zrobimy wszystko, by te momenty zatrzyma\u0107.<\/span><\/span><\/p>\n<p><span style=\"font-family: Times New Roman, serif;\"><span style=\"font-size: large;\">Do zobaczenia w Waszym dniu.<\/span><\/span><\/p>\n<p><span style=\"font-family: Times New Roman, serif;\"><span style=\"font-size: large;\">Bawcie si\u0119 \ud83d\ude09<\/span><\/span><\/p>\n<p><span style=\"font-family: Times New Roman, serif;\"><span style=\"font-size: large;\">Mateusz i Rafa\u0142<\/span><\/span><\/p>\n<p><a href=\"http:\/\/www.friendstudio.pl\/\"><span style=\"font-family: Times New Roman, serif;\"><span style=\"font-size: large;\">www.friendstudio.pl<\/span><\/span><\/a><\/p>\n<p><a href=\"http:\/\/www.instagram.com\/friendstudio.pl\"><span style=\"font-family: Times New Roman, serif;\"><span style=\"font-size: large;\">www.instagram.com\/friendstudio.pl<\/span><\/span><\/a><\/p>\n<p><span style=\"font-family: Times New Roman, serif;\"><span style=\"font-size: large;\">www.facebook.com\/friendstudiofotovideo<\/span><\/span><\/p>\n","protected":false},"excerpt":{"rendered":"<p>Hej, Chcia\u0142bym si\u0119 podzieli\u0107 z Wami kilkoma przemy\u015bleniami i zwr\u00f3cenia uwagi na rzeczy-sytuacje, kt\u00f3re w dniu \u015blubu s\u0105 wa\u017cne, a&#8230;<\/p>\n","protected":false},"author":1,"featured_media":0,"parent":0,"menu_order":0,"comment_status":"closed","ping_status":"closed","template":"","meta":[],"_links":{"self":[{"href":"https:\/\/friendstudio.pl\/index.php\/wp-json\/wp\/v2\/pages\/24783"}],"collection":[{"href":"https:\/\/friendstudio.pl\/index.php\/wp-json\/wp\/v2\/pages"}],"about":[{"href":"https:\/\/friendstudio.pl\/index.php\/wp-json\/wp\/v2\/types\/page"}],"author":[{"embeddable":true,"href":"https:\/\/friendstudio.pl\/index.php\/wp-json\/wp\/v2\/users\/1"}],"replies":[{"embeddable":true,"href":"https:\/\/friendstudio.pl\/index.php\/wp-json\/wp\/v2\/comments?post=24783"}],"version-history":[{"count":8,"href":"https:\/\/friendstudio.pl\/index.php\/wp-json\/wp\/v2\/pages\/24783\/revisions"}],"predecessor-version":[{"id":24793,"href":"https:\/\/friendstudio.pl\/index.php\/wp-json\/wp\/v2\/pages\/24783\/revisions\/24793"}],"wp:attachment":[{"href":"https:\/\/friendstudio.pl\/index.php\/wp-json\/wp\/v2\/media?parent=24783"}],"curies":[{"name":"wp","href":"https:\/\/api.w.org\/{rel}","templated":true}]}}