{"id":15326,"date":"2016-03-23T13:52:20","date_gmt":"2016-03-23T13:52:20","guid":{"rendered":"http:\/\/democontent.codex-themes.com\/thegem-apps\/?page_id=15326"},"modified":"2025-09-22T12:19:43","modified_gmt":"2025-09-22T10:19:43","slug":"homepage-app-landing","status":"publish","type":"page","link":"https:\/\/friendstudio.pl\/","title":{"rendered":"Strona g\u0142\u00f3wna"},"content":{"rendered":"<p>[vc_row css=&#8221;.vc_custom_1579705123813{margin-bottom: 0px !important;}&#8221;][vc_column]<div class=\"clearboth\"><\/div><div class=\"gem-divider \" style=\"margin-top: 70px;\"><\/div>[vc_custom_heading text=&#8221;Naszym celem jest to, by Wasz film by\u0142 ponadczasowy<br \/>\nsubtelny i emocjonalny. A przegl\u0105daj\u0105c fotografie, odbyli swoj\u0105 podr\u00f3\u017c w czasie.&#8221; font_container=&#8221;tag:h3|text_align:center&#8221; use_theme_fonts=&#8221;yes&#8221;][vc_custom_heading text=&#8221;Pod tym linkiem przeczytacie kilka cennych porad, kt\u00f3re pozwol\u0105 Wam unikn\u0105\u0107 niepotrzebnego stresu.<\/p>\n<p>https:\/\/friendstudio.pl\/index.php\/porady\/&#8221; font_container=&#8221;tag:h3|text_align:center&#8221; use_theme_fonts=&#8221;yes&#8221; link=&#8221;url:https%3A%2F%2Ffriendstudio.pl%2Findex.php%2Fporady%2F|title:PORADY||&#8221;]<div class=\"clearboth\"><\/div><div class=\"gem-divider \" style=\"margin-top: 70px;\"><\/div>[\/vc_column][\/vc_row][vc_row css=&#8221;.vc_custom_1579705123813{margin-bottom: 0px !important;}&#8221;][vc_column]<div class=\"clearboth\"><\/div><div class=\"gem-divider \" style=\"margin-top: 210px;\"><\/div>[vc_column_text]<\/p>\n<div class=\"title-h1\" style=\"text-align: center;\">O nas<\/div>\n<p>[\/vc_column_text]<div class=\"clearboth\"><\/div><div class=\"gem-divider \" style=\"margin-top: 70px;\"><\/div>[\/vc_column][\/vc_row][vc_row el_id=&#8221;onas&#8221;][vc_column offset=&#8221;vc_col-lg-4&#8243;][vc_column_text]<\/p>\n<p style=\"text-align: justify;\">Nadejdzie ten dzie\u0144, na kt\u00f3ry zaprosili\u015bcie swoich go\u015bci, prawdopodobnie przyjad\u0105 osoby, z kt\u00f3rymi d\u0142ugo si\u0119 nie widzieli\u015bcie, b\u0119dziecie wygl\u0105da\u0107 inaczej ni\u017c zwykle, b\u0119dzie mi\u0119dzy Wami wyj\u0105tkowa aura. W ten dzie\u0144 b\u0119d\u0105 skierowane na Was obiektywy. Wystarczy,\u00a0 \u017ce poddacie si\u0119 chwili a historia napisze si\u0119 sama<\/p>\n<p>[\/vc_column_text]<div class=\"clearboth\"><\/div><div class=\"gem-divider \" style=\"margin-top: 70px;\"><\/div>[\/vc_column][vc_column offset=&#8221;vc_col-lg-4&#8243;][vc_single_image image=&#8221;24760&#8243; img_size=&#8221;200&#215;200&#8243; alignment=&#8221;center&#8221;][\/vc_column][vc_column offset=&#8221;vc_col-lg-4&#8243;][vc_column_text]<\/p>\n<p style=\"text-align: justify;\">Na koncie jest 8 lat pracy, setki zadowolonych nowo\u017ce\u0144c\u00f3w, z kt\u00f3rymi rozwin\u0119\u0142a si\u0119 niejedna przyja\u017a\u0144. Zwracamy uwag\u0119 na to by nienagannie wygl\u0105da\u0107. Podczas ceremonii pracujemy dyskretnie, tak by nie skupia\u0107 niczyjej uwagi. Awaryjnie zawsze mamy zapasowy sprz\u0119t, a materia\u0142 przechowujemy na kilku dyskach.<\/p>\n<p>[\/vc_column_text]<div class=\"clearboth\"><\/div><div class=\"gem-divider \" style=\"margin-top: 70px;\"><\/div>[\/vc_column][\/vc_row][vc_row css=&#8221;.vc_custom_1458824341746{margin-bottom: 0px !important;}&#8221;][vc_column]<div class=\"clearboth\"><\/div><div class=\"gem-divider \" style=\"margin-top: 70px;\"><\/div>[\/vc_column][\/vc_row][vc_row full_width=&#8221;stretch_row&#8221; css=&#8221;.vc_custom_1579772418603{margin-bottom: 0px !important;background-position: center !important;background-repeat: no-repeat !important;background-size: cover !important;}&#8221; el_id=&#8221;oferta&#8221;][vc_column]<div class=\"clearboth\"><\/div><div class=\"gem-divider \" style=\"margin-top: 100px;\"><\/div>[vc_row_inner][vc_column_inner width=&#8221;1\/2&#8243;][vc_single_image image=&#8221;24776&#8243; img_size=&#8221;large&#8221;]<div class=\"clearboth\"><\/div><div class=\"gem-divider \" style=\"margin-top: 25px;\"><\/div><div class=\"clearboth\"><\/div><div class=\"gem-divider \" style=\"margin-top: 25px;\"><\/div>[\/vc_column_inner][vc_column_inner width=&#8221;1\/2&#8243;][vc_single_image image=&#8221;24778&#8243; img_size=&#8221;large&#8221; alignment=&#8221;center&#8221;]<div class=\"clearboth\"><\/div><div class=\"gem-divider \" style=\"margin-top: 25px;\"><\/div><div class=\"clearboth\"><\/div><div class=\"gem-divider \" style=\"margin-top: 25px;\"><\/div>[\/vc_column_inner][\/vc_row_inner][\/vc_column][\/vc_row][vc_row][vc_column][vc_custom_heading text=&#8221;Wiemy, \u017ce nie oczekujecie tylko dobrze wykonanej pami\u0105tki, ale te\u017c naszego zaanga\u017cowania, wsparcia i zaufania.&#8221; font_container=&#8221;tag:h3|text_align:center&#8221; use_theme_fonts=&#8221;yes&#8221;]<div class=\"clearboth\"><\/div><div class=\"gem-divider \" style=\"margin-top: 165px;\"><\/div>[vc_column_text]<\/p>\n<div class=\"title-h2\" style=\"text-align: center;\">\n<style type=\"text\/css\">\r\n\t#foogallery-gallery-24670 .fg-image {\r\n        width: 150px;\r\n    }\r\n<\/style>\r\n\t\t\t\t<div class=\"foogallery foogallery-container foogallery-default foogallery-lightbox-foobox fg-gutter-10 fg-center fg-default fg-light fg-border-thin fg-shadow-outline fg-loading-default fg-loaded-fade-in fg-caption-hover fg-hover-fade fg-hover-zoom fg-ready\" id=\"foogallery-gallery-24670\" data-foogallery=\"{&quot;item&quot;:{&quot;showCaptionTitle&quot;:true,&quot;showCaptionDescription&quot;:true},&quot;lazy&quot;:true}\" >\r\n\t<div class=\"fg-item fg-type-image fg-idle\"><figure class=\"fg-item-inner\"><a href=\"https:\/\/friendstudio.pl\/wp-content\/uploads\/2020\/01\/IMG_7903_Easy-Resize.com_.jpg\" data-attachment-id=\"24638\" class=\"fg-thumb\"><span class=\"fg-image-wrap\"><img width=\"150\" height=\"150\" class=\"skip-lazy fg-image\" data-src-fg=\"https:\/\/friendstudio.pl\/wp-content\/uploads\/cache\/2020\/01\/IMG_7903_Easy-Resize_com_\/2209756049.jpg\" src=\"data:image\/svg+xml,%3Csvg%20xmlns%3D%22http%3A%2F%2Fwww.w3.org%2F2000%2Fsvg%22%20width%3D%22150%22%20height%3D%22150%22%20viewBox%3D%220%200%20150%20150%22%3E%3C%2Fsvg%3E\" loading=\"eager\"><\/span><span class=\"fg-image-overlay\"><\/span><\/a><figcaption class=\"fg-caption\"><div class=\"fg-caption-inner\"><\/div><\/figcaption><\/figure><div class=\"fg-loader\"><\/div><\/div><div class=\"fg-item fg-type-image fg-idle\"><figure class=\"fg-item-inner\"><a href=\"https:\/\/friendstudio.pl\/wp-content\/uploads\/2020\/01\/55.jpg\" data-attachment-id=\"24569\" class=\"fg-thumb\"><span class=\"fg-image-wrap\"><img width=\"150\" height=\"150\" class=\"skip-lazy fg-image\" data-src-fg=\"https:\/\/friendstudio.pl\/wp-content\/uploads\/cache\/2020\/01\/55\/3013238769.jpg\" src=\"data:image\/svg+xml,%3Csvg%20xmlns%3D%22http%3A%2F%2Fwww.w3.org%2F2000%2Fsvg%22%20width%3D%22150%22%20height%3D%22150%22%20viewBox%3D%220%200%20150%20150%22%3E%3C%2Fsvg%3E\" loading=\"eager\"><\/span><span class=\"fg-image-overlay\"><\/span><\/a><figcaption class=\"fg-caption\"><div class=\"fg-caption-inner\"><\/div><\/figcaption><\/figure><div class=\"fg-loader\"><\/div><\/div><div class=\"fg-item fg-type-image fg-idle\"><figure class=\"fg-item-inner\"><a href=\"https:\/\/friendstudio.pl\/wp-content\/uploads\/2020\/01\/39.jpg\" data-attachment-id=\"24553\" class=\"fg-thumb\"><span class=\"fg-image-wrap\"><img width=\"150\" height=\"150\" class=\"skip-lazy fg-image\" data-src-fg=\"https:\/\/friendstudio.pl\/wp-content\/uploads\/cache\/2020\/01\/39\/2081129851.jpg\" src=\"data:image\/svg+xml,%3Csvg%20xmlns%3D%22http%3A%2F%2Fwww.w3.org%2F2000%2Fsvg%22%20width%3D%22150%22%20height%3D%22150%22%20viewBox%3D%220%200%20150%20150%22%3E%3C%2Fsvg%3E\" loading=\"eager\"><\/span><span class=\"fg-image-overlay\"><\/span><\/a><figcaption class=\"fg-caption\"><div class=\"fg-caption-inner\"><\/div><\/figcaption><\/figure><div class=\"fg-loader\"><\/div><\/div><div class=\"fg-item fg-type-image fg-idle\"><figure class=\"fg-item-inner\"><a href=\"https:\/\/friendstudio.pl\/wp-content\/uploads\/2020\/01\/36.jpg\" data-attachment-id=\"24550\" class=\"fg-thumb\"><span class=\"fg-image-wrap\"><img width=\"150\" height=\"150\" class=\"skip-lazy fg-image\" data-src-fg=\"https:\/\/friendstudio.pl\/wp-content\/uploads\/cache\/2020\/01\/36\/111929438.jpg\" src=\"data:image\/svg+xml,%3Csvg%20xmlns%3D%22http%3A%2F%2Fwww.w3.org%2F2000%2Fsvg%22%20width%3D%22150%22%20height%3D%22150%22%20viewBox%3D%220%200%20150%20150%22%3E%3C%2Fsvg%3E\" loading=\"eager\"><\/span><span class=\"fg-image-overlay\"><\/span><\/a><figcaption class=\"fg-caption\"><div class=\"fg-caption-inner\"><\/div><\/figcaption><\/figure><div class=\"fg-loader\"><\/div><\/div><div class=\"fg-item fg-type-image fg-idle\"><figure class=\"fg-item-inner\"><a href=\"https:\/\/friendstudio.pl\/wp-content\/uploads\/2020\/01\/IMG_6289_Easy-Resize.com_.jpg\" data-attachment-id=\"24617\" class=\"fg-thumb\"><span class=\"fg-image-wrap\"><img width=\"150\" height=\"150\" class=\"skip-lazy fg-image\" data-src-fg=\"https:\/\/friendstudio.pl\/wp-content\/uploads\/cache\/2020\/01\/IMG_6289_Easy-Resize_com_\/1218098671.jpg\" src=\"data:image\/svg+xml,%3Csvg%20xmlns%3D%22http%3A%2F%2Fwww.w3.org%2F2000%2Fsvg%22%20width%3D%22150%22%20height%3D%22150%22%20viewBox%3D%220%200%20150%20150%22%3E%3C%2Fsvg%3E\" loading=\"eager\"><\/span><span class=\"fg-image-overlay\"><\/span><\/a><figcaption class=\"fg-caption\"><div class=\"fg-caption-inner\"><\/div><\/figcaption><\/figure><div class=\"fg-loader\"><\/div><\/div><div class=\"fg-item fg-type-image fg-idle\"><figure class=\"fg-item-inner\"><a href=\"https:\/\/friendstudio.pl\/wp-content\/uploads\/2020\/01\/IMG_5430_Easy-Resize.com_.jpg\" data-attachment-id=\"24599\" class=\"fg-thumb\"><span class=\"fg-image-wrap\"><img width=\"150\" height=\"150\" class=\"skip-lazy fg-image\" data-src-fg=\"https:\/\/friendstudio.pl\/wp-content\/uploads\/cache\/2020\/01\/IMG_5430_Easy-Resize_com_\/3275077650.jpg\" src=\"data:image\/svg+xml,%3Csvg%20xmlns%3D%22http%3A%2F%2Fwww.w3.org%2F2000%2Fsvg%22%20width%3D%22150%22%20height%3D%22150%22%20viewBox%3D%220%200%20150%20150%22%3E%3C%2Fsvg%3E\" loading=\"eager\"><\/span><span class=\"fg-image-overlay\"><\/span><\/a><figcaption class=\"fg-caption\"><div class=\"fg-caption-inner\"><\/div><\/figcaption><\/figure><div class=\"fg-loader\"><\/div><\/div><div class=\"fg-item fg-type-image fg-idle\"><figure class=\"fg-item-inner\"><a href=\"https:\/\/friendstudio.pl\/wp-content\/uploads\/2020\/01\/IMG_3430_Easy-Resize.com_.jpg\" data-attachment-id=\"24581\" class=\"fg-thumb\"><span class=\"fg-image-wrap\"><img width=\"150\" height=\"150\" class=\"skip-lazy fg-image\" data-src-fg=\"https:\/\/friendstudio.pl\/wp-content\/uploads\/cache\/2020\/01\/IMG_3430_Easy-Resize_com_\/3340112235.jpg\" src=\"data:image\/svg+xml,%3Csvg%20xmlns%3D%22http%3A%2F%2Fwww.w3.org%2F2000%2Fsvg%22%20width%3D%22150%22%20height%3D%22150%22%20viewBox%3D%220%200%20150%20150%22%3E%3C%2Fsvg%3E\" loading=\"eager\"><\/span><span class=\"fg-image-overlay\"><\/span><\/a><figcaption class=\"fg-caption\"><div class=\"fg-caption-inner\"><\/div><\/figcaption><\/figure><div class=\"fg-loader\"><\/div><\/div><div class=\"fg-item fg-type-image fg-idle\"><figure class=\"fg-item-inner\"><a href=\"https:\/\/friendstudio.pl\/wp-content\/uploads\/2020\/01\/IMG_3393_Easy-Resize.com_.jpg\" data-attachment-id=\"24579\" class=\"fg-thumb\"><span class=\"fg-image-wrap\"><img width=\"150\" height=\"150\" class=\"skip-lazy fg-image\" data-src-fg=\"https:\/\/friendstudio.pl\/wp-content\/uploads\/cache\/2020\/01\/IMG_3393_Easy-Resize_com_\/3208570619.jpg\" src=\"data:image\/svg+xml,%3Csvg%20xmlns%3D%22http%3A%2F%2Fwww.w3.org%2F2000%2Fsvg%22%20width%3D%22150%22%20height%3D%22150%22%20viewBox%3D%220%200%20150%20150%22%3E%3C%2Fsvg%3E\" loading=\"eager\"><\/span><span class=\"fg-image-overlay\"><\/span><\/a><figcaption class=\"fg-caption\"><div class=\"fg-caption-inner\"><\/div><\/figcaption><\/figure><div class=\"fg-loader\"><\/div><\/div><div class=\"fg-item fg-type-image fg-idle\"><figure class=\"fg-item-inner\"><a href=\"https:\/\/friendstudio.pl\/wp-content\/uploads\/2020\/01\/IMG_4432_Easy-Resize.com_.jpg\" data-attachment-id=\"24589\" class=\"fg-thumb\"><span class=\"fg-image-wrap\"><img width=\"150\" height=\"150\" class=\"skip-lazy fg-image\" data-src-fg=\"https:\/\/friendstudio.pl\/wp-content\/uploads\/cache\/2020\/01\/IMG_4432_Easy-Resize_com_\/567908697.jpg\" src=\"data:image\/svg+xml,%3Csvg%20xmlns%3D%22http%3A%2F%2Fwww.w3.org%2F2000%2Fsvg%22%20width%3D%22150%22%20height%3D%22150%22%20viewBox%3D%220%200%20150%20150%22%3E%3C%2Fsvg%3E\" loading=\"eager\"><\/span><span class=\"fg-image-overlay\"><\/span><\/a><figcaption class=\"fg-caption\"><div class=\"fg-caption-inner\"><\/div><\/figcaption><\/figure><div class=\"fg-loader\"><\/div><\/div><div class=\"fg-item fg-type-image fg-idle\"><figure class=\"fg-item-inner\"><a href=\"https:\/\/friendstudio.pl\/wp-content\/uploads\/2020\/01\/IMG_3942_Easy-Resize.com_.jpg\" data-attachment-id=\"24586\" class=\"fg-thumb\"><span class=\"fg-image-wrap\"><img width=\"150\" height=\"150\" class=\"skip-lazy fg-image\" data-src-fg=\"https:\/\/friendstudio.pl\/wp-content\/uploads\/cache\/2020\/01\/IMG_3942_Easy-Resize_com_\/2229820360.jpg\" src=\"data:image\/svg+xml,%3Csvg%20xmlns%3D%22http%3A%2F%2Fwww.w3.org%2F2000%2Fsvg%22%20width%3D%22150%22%20height%3D%22150%22%20viewBox%3D%220%200%20150%20150%22%3E%3C%2Fsvg%3E\" loading=\"eager\"><\/span><span class=\"fg-image-overlay\"><\/span><\/a><figcaption class=\"fg-caption\"><div class=\"fg-caption-inner\"><\/div><\/figcaption><\/figure><div class=\"fg-loader\"><\/div><\/div><div class=\"fg-item fg-type-image fg-idle\"><figure class=\"fg-item-inner\"><a href=\"https:\/\/friendstudio.pl\/wp-content\/uploads\/2020\/01\/IMG_2621_Easy-Resize.com_.jpg\" data-attachment-id=\"24576\" class=\"fg-thumb\"><span class=\"fg-image-wrap\"><img width=\"150\" height=\"150\" class=\"skip-lazy fg-image\" data-src-fg=\"https:\/\/friendstudio.pl\/wp-content\/uploads\/cache\/2020\/01\/IMG_2621_Easy-Resize_com_\/854221201.jpg\" src=\"data:image\/svg+xml,%3Csvg%20xmlns%3D%22http%3A%2F%2Fwww.w3.org%2F2000%2Fsvg%22%20width%3D%22150%22%20height%3D%22150%22%20viewBox%3D%220%200%20150%20150%22%3E%3C%2Fsvg%3E\" loading=\"eager\"><\/span><span class=\"fg-image-overlay\"><\/span><\/a><figcaption class=\"fg-caption\"><div class=\"fg-caption-inner\"><\/div><\/figcaption><\/figure><div class=\"fg-loader\"><\/div><\/div><div class=\"fg-item fg-type-image fg-idle\"><figure class=\"fg-item-inner\"><a href=\"https:\/\/friendstudio.pl\/wp-content\/uploads\/2020\/01\/53.jpg\" data-attachment-id=\"24568\" class=\"fg-thumb\"><span class=\"fg-image-wrap\"><img width=\"150\" height=\"150\" class=\"skip-lazy fg-image\" data-src-fg=\"https:\/\/friendstudio.pl\/wp-content\/uploads\/cache\/2020\/01\/53\/2723839694.jpg\" src=\"data:image\/svg+xml,%3Csvg%20xmlns%3D%22http%3A%2F%2Fwww.w3.org%2F2000%2Fsvg%22%20width%3D%22150%22%20height%3D%22150%22%20viewBox%3D%220%200%20150%20150%22%3E%3C%2Fsvg%3E\" loading=\"eager\"><\/span><span class=\"fg-image-overlay\"><\/span><\/a><figcaption class=\"fg-caption\"><div class=\"fg-caption-inner\"><\/div><\/figcaption><\/figure><div class=\"fg-loader\"><\/div><\/div><div class=\"fg-item fg-type-image fg-idle\"><figure class=\"fg-item-inner\"><a href=\"https:\/\/friendstudio.pl\/wp-content\/uploads\/2020\/01\/50.jpg\" data-attachment-id=\"24565\" class=\"fg-thumb\"><span class=\"fg-image-wrap\"><img width=\"150\" height=\"150\" class=\"skip-lazy fg-image\" data-src-fg=\"https:\/\/friendstudio.pl\/wp-content\/uploads\/cache\/2020\/01\/50\/417899890.jpg\" src=\"data:image\/svg+xml,%3Csvg%20xmlns%3D%22http%3A%2F%2Fwww.w3.org%2F2000%2Fsvg%22%20width%3D%22150%22%20height%3D%22150%22%20viewBox%3D%220%200%20150%20150%22%3E%3C%2Fsvg%3E\" loading=\"eager\"><\/span><span class=\"fg-image-overlay\"><\/span><\/a><figcaption class=\"fg-caption\"><div class=\"fg-caption-inner\"><\/div><\/figcaption><\/figure><div class=\"fg-loader\"><\/div><\/div><div class=\"fg-item fg-type-image fg-idle\"><figure class=\"fg-item-inner\"><a href=\"https:\/\/friendstudio.pl\/wp-content\/uploads\/2020\/01\/24.jpg\" data-attachment-id=\"24535\" class=\"fg-thumb\"><span class=\"fg-image-wrap\"><img width=\"150\" height=\"150\" class=\"skip-lazy fg-image\" data-src-fg=\"https:\/\/friendstudio.pl\/wp-content\/uploads\/cache\/2020\/01\/24\/2667187213.jpg\" src=\"data:image\/svg+xml,%3Csvg%20xmlns%3D%22http%3A%2F%2Fwww.w3.org%2F2000%2Fsvg%22%20width%3D%22150%22%20height%3D%22150%22%20viewBox%3D%220%200%20150%20150%22%3E%3C%2Fsvg%3E\" loading=\"eager\"><\/span><span class=\"fg-image-overlay\"><\/span><\/a><figcaption class=\"fg-caption\"><div class=\"fg-caption-inner\"><\/div><\/figcaption><\/figure><div class=\"fg-loader\"><\/div><\/div><div class=\"fg-item fg-type-image fg-idle\"><figure class=\"fg-item-inner\"><a href=\"https:\/\/friendstudio.pl\/wp-content\/uploads\/2020\/01\/26.jpg\" data-attachment-id=\"24537\" class=\"fg-thumb\"><span class=\"fg-image-wrap\"><img width=\"150\" height=\"150\" class=\"skip-lazy fg-image\" data-src-fg=\"https:\/\/friendstudio.pl\/wp-content\/uploads\/cache\/2020\/01\/26\/2834324545.jpg\" src=\"data:image\/svg+xml,%3Csvg%20xmlns%3D%22http%3A%2F%2Fwww.w3.org%2F2000%2Fsvg%22%20width%3D%22150%22%20height%3D%22150%22%20viewBox%3D%220%200%20150%20150%22%3E%3C%2Fsvg%3E\" loading=\"eager\"><\/span><span class=\"fg-image-overlay\"><\/span><\/a><figcaption class=\"fg-caption\"><div class=\"fg-caption-inner\"><\/div><\/figcaption><\/figure><div class=\"fg-loader\"><\/div><\/div><div class=\"fg-item fg-type-image fg-idle\"><figure class=\"fg-item-inner\"><a href=\"https:\/\/friendstudio.pl\/wp-content\/uploads\/2020\/01\/27.jpg\" data-attachment-id=\"24538\" class=\"fg-thumb\"><span class=\"fg-image-wrap\"><img width=\"150\" height=\"150\" class=\"skip-lazy fg-image\" data-src-fg=\"https:\/\/friendstudio.pl\/wp-content\/uploads\/cache\/2020\/01\/27\/608753585.jpg\" src=\"data:image\/svg+xml,%3Csvg%20xmlns%3D%22http%3A%2F%2Fwww.w3.org%2F2000%2Fsvg%22%20width%3D%22150%22%20height%3D%22150%22%20viewBox%3D%220%200%20150%20150%22%3E%3C%2Fsvg%3E\" loading=\"eager\"><\/span><span class=\"fg-image-overlay\"><\/span><\/a><figcaption class=\"fg-caption\"><div class=\"fg-caption-inner\"><\/div><\/figcaption><\/figure><div class=\"fg-loader\"><\/div><\/div><\/div>\r\n\n<\/div>\n<p>[\/vc_column_text]<div class=\"clearboth\"><\/div><div class=\"gem-divider \" style=\"margin-top: 28px;\"><\/div>[vc_btn title=&#8221;Zobacz nasz\u0105 galeri\u0119&#8221; style=&#8221;outline-custom&#8221; outline_custom_color=&#8221;#666666&#8243; outline_custom_hover_background=&#8221;#666666&#8243; outline_custom_hover_text=&#8221;#ffffff&#8221; align=&#8221;center&#8221; link=&#8221;url:https%3A%2F%2Ffriendstudio.pl%2Findex.php%2Fgaleria%2F|title:Portfolio||&#8221;][vc_btn title=&#8221;Zobacz nasze realizacje video&#8221; style=&#8221;outline-custom&#8221; outline_custom_color=&#8221;#666666&#8243; outline_custom_hover_background=&#8221;#666666&#8243; outline_custom_hover_text=&#8221;#ffffff&#8221; align=&#8221;center&#8221; link=&#8221;url:https%3A%2F%2Ffriendstudio.pl%2Findex.php%2Ffilmy%2F|title:Portfolio||&#8221;]<div class=\"clearboth\"><\/div><div class=\"gem-divider \" style=\"margin-top: 115px;\"><\/div>[\/vc_column][\/vc_row][vc_row css=&#8221;.vc_custom_1579704430040{margin-bottom: 0px !important;}&#8221; el_id=&#8221;referencje&#8221;][vc_column][vc_column_text]<\/p>\n<div class=\"title-h1\" style=\"text-align: center;\"><span style=\"color: #ffffff;\">Klienci o nas<\/span><\/div>\n<p>[\/vc_column_text]<div id=\"fullwidth-block-69f48fb708b13\" class=\"fullwidth-block fullwidth-block-parallax-vertical clearfix\" data-mobile-parallax-enable=\"0\" style=\"padding-top: 140px;padding-bottom: 140px;\"><script type=\"text\/javascript\">if (typeof(gem_fix_fullwidth_position) == \"function\") { gem_fix_fullwidth_position(document.getElementById(\"fullwidth-block-69f48fb708b13\")); }<\/script><div class=\"fullwidth-block-background\" style=\"background-image: url(https:\/\/friendstudio.pl\/wp-content\/uploads\/2020\/01\/35-1.jpg);background-repeat: no-repeat; background-size: cover;background-position: center top;\"><\/div><div class=\"fullwidth-block-inner\"><div class=\"preloader\"><div class=\"preloader-spin\"><\/div><\/div><div class=\"size-small style1 gem-testimonials fullwidth-block\" style=background-color:> <div id=\"post-23832\" class=\"gem-testimonial-item post-23832 thegem_testimonial type-thegem_testimonial status-publish\"> <div class=\"gem-testimonial-wrapper \"> <div class=\"gem-testimonial-image\"> <\/div> <div class=\"gem-testimonial-content\"> <div class=\"gem-testimonial-name\" >Natalia<\/div> <div class=\"gem-testimonial-text\" > <p>Mega pozytyw! Jeste\u015bmy z M\u0119\u017cem bardzo zadowoleni, \u015bwietny film, super zdj\u0119cia ! Zesp\u00f3\u0142,kt\u00f3ry z nami wsp\u00f3\u0142pracowa\u0142 rewelacyjny z ogromnym poczuciem humoru i pe\u0142en profesjonalizmu \ud83d\ude42 Polecam serdecznie ! Dzi\u0119ki Mateusz !<\/p> <\/div> <\/div> <\/div> <\/div> <div id=\"post-23833\" class=\"gem-testimonial-item post-23833 thegem_testimonial type-thegem_testimonial status-publish\"> <div class=\"gem-testimonial-wrapper \"> <div class=\"gem-testimonial-image\"> <\/div> <div class=\"gem-testimonial-content\"> <div class=\"gem-testimonial-name\" >Magda i Micha\u0142<\/div> <div class=\"gem-testimonial-text\" > <p>\u015awietny profesjonalista, a przy tym bardzo sympatyczny i weso\u0142y cz\u0142owiek\u263a. Praca wykonywana z pasj\u0105 i zaanga\u017cowaniem. Super film, ca\u0142a rodzina zachwycona. Bardzo dzi\u0119kujemy i na pewno b\u0119dziemy poleca\u0107<\/p> <\/div> <\/div> <\/div> <\/div> <div id=\"post-24689\" class=\"gem-testimonial-item post-24689 thegem_testimonial type-thegem_testimonial status-publish\"> <div class=\"gem-testimonial-wrapper \"> <div class=\"gem-testimonial-image\"> <\/div> <div class=\"gem-testimonial-content\"> <div class=\"gem-testimonial-name\" >Adam<\/div> <div class=\"gem-testimonial-text\" > <p>Wszystko mega dopracowane, zadbali o ka\u017cdy szczeg\u00f3\u0142 w tym najwa\u017cniejszym dniu \ud83d\ude42 Przepi\u0119kne zdj\u0119cia i film, b\u0119d\u0105 wspania\u0142\u0105 pami\u0105tk\u0105 na lata i to w\u0142a\u015bnie dzi\u0119ki Friend Studio ! Dzi\u0119kujemy po raz kolejny !<\/p> <\/div> <\/div> <\/div> <\/div> <div class=\"testimonials_svg\"><svg style=\"fill: \" width=\"100\" height=\"50\"><path d=\"M 0,-1 Q 45,5 50,50 Q 55,5 100,-1\" \/><\/svg><\/div><\/div><\/div><\/div>[\/vc_column][\/vc_row][vc_row css=&#8221;.vc_custom_1579704298646{margin-bottom: 0px !important;}&#8221; el_id=&#8221;kontakt&#8221;][vc_column width=&#8221;1\/2&#8243;]<div class=\"clearboth\"><\/div><div class=\"gem-divider \" style=\"margin-top: 115px;\"><\/div>[vc_custom_heading text=&#8221;Kontakt z nami&#8221;][vc_single_image image=&#8221;24765&#8243; img_size=&#8221;200&#215;200&#8243; alignment=&#8221;center&#8221;][vc_column_text]<\/p>\n<p style=\"text-align: justify;\">Ch\u0119tnie wys\u0142uchamy co planujecie na dzie\u0144 \u015blubu. Jeste\u015bmy z wojew\u00f3dztwa Lubuskiego, lecz pracujemy w ca\u0142ym kraju. Pisz\u0105c do nas pami\u0119taj o <strong>podaniu daty<\/strong>, <strong>miasta<\/strong> i <strong>nazwy lokalu<\/strong>, w kt\u00f3rym odb\u0119dzie si\u0119 wesele.\u00a0 Prze\u015blemy ofert\u0119 i d\u0142u\u017cszy film do obejrzenia.<\/p>\n<p><strong>Telefon:<\/strong> +48 781 127 250<br \/>\n<strong>Adres e-mail:<\/strong>\u00a0 <a href=\"mailto:friendstudiofilm@gmail.com\">friendstudiofilm@gmail.com<\/a><\/p>\n<p>Facebook: <a href=\"https:\/\/www.facebook.com\/friendstudiofotovideo\">www.facebook.com\/friendstudiofotovideo<\/a><\/p>\n<p>Instagram: <a href=\"https:\/\/www.instagram.com\/friendstudio.pl\/\">https:\/\/www.instagram.com\/friendstudio.pl\/<\/a>[\/vc_column_text]<div class=\"clearboth\"><\/div><div class=\"gem-divider \" style=\"margin-top: 115px;\"><\/div>[\/vc_column][\/vc_row]<\/p>\n","protected":false},"excerpt":{"rendered":"<p>[vc_row css=&#8221;.vc_custom_1579705123813{margin-bottom: 0px !important;}&#8221;][vc_column][vc_custom_heading text=&#8221;Naszym celem jest to, by Wasz film by\u0142 ponadczasowy subtelny i emocjonalny. A przegl\u0105daj\u0105c fotografie, odbyli&#8230;<\/p>\n","protected":false},"author":1,"featured_media":0,"parent":0,"menu_order":0,"comment_status":"closed","ping_status":"closed","template":"","meta":[],"_links":{"self":[{"href":"https:\/\/friendstudio.pl\/index.php\/wp-json\/wp\/v2\/pages\/15326"}],"collection":[{"href":"https:\/\/friendstudio.pl\/index.php\/wp-json\/wp\/v2\/pages"}],"about":[{"href":"https:\/\/friendstudio.pl\/index.php\/wp-json\/wp\/v2\/types\/page"}],"author":[{"embeddable":true,"href":"https:\/\/friendstudio.pl\/index.php\/wp-json\/wp\/v2\/users\/1"}],"replies":[{"embeddable":true,"href":"https:\/\/friendstudio.pl\/index.php\/wp-json\/wp\/v2\/comments?post=15326"}],"version-history":[{"count":106,"href":"https:\/\/friendstudio.pl\/index.php\/wp-json\/wp\/v2\/pages\/15326\/revisions"}],"predecessor-version":[{"id":24805,"href":"https:\/\/friendstudio.pl\/index.php\/wp-json\/wp\/v2\/pages\/15326\/revisions\/24805"}],"wp:attachment":[{"href":"https:\/\/friendstudio.pl\/index.php\/wp-json\/wp\/v2\/media?parent=15326"}],"curies":[{"name":"wp","href":"https:\/\/api.w.org\/{rel}","templated":true}]}}